{"id":37,"date":"2021-05-05T08:38:32","date_gmt":"2021-05-05T08:38:32","guid":{"rendered":"https:\/\/new-ricotacosaigon.jaysoft.asia\/?page_id=37"},"modified":"2025-07-03T00:14:51","modified_gmt":"2025-07-02T17:14:51","slug":"contact-us","status":"publish","type":"page","link":"https:\/\/hoatuc.com\/vi\/contact-us\/","title":{"rendered":"Li\u00ean H\u1ec7"},"content":{"rendered":"<div data-elementor-type=\"wp-page\" data-elementor-id=\"37\" class=\"elementor elementor-37\" data-elementor-post-type=\"page\">\n\t\t\t\t\t\t<section class=\"elementor-section elementor-top-section elementor-element elementor-element-882b6dd elementor-section-full_width elementor-section-height-min-height elementor-section-items-top elementor-section-content-top elementor-section-height-default elementor-invisible\" data-id=\"882b6dd\" data-element_type=\"section\" data-settings=\"{&quot;animation&quot;:&quot;fadeIn&quot;,&quot;background_background&quot;:&quot;classic&quot;}\">\n\t\t\t\t\t\t\t<div class=\"elementor-background-overlay\"><\/div>\n\t\t\t\t\t\t\t<div class=\"elementor-container elementor-column-gap-no\">\n\t\t\t\t\t<div class=\"elementor-column elementor-col-100 elementor-top-column elementor-element elementor-element-6ae2f5c\" data-id=\"6ae2f5c\" data-element_type=\"column\">\n\t\t\t<div class=\"elementor-widget-wrap elementor-element-populated\">\n\t\t\t\t\t\t<div class=\"elementor-element elementor-element-1098c94 elementor-widget elementor-widget-google_maps\" data-id=\"1098c94\" data-element_type=\"widget\" data-widget_type=\"google_maps.default\">\n\t\t\t\t<div class=\"elementor-widget-container\">\n\t\t\t\t\t\t\t<div class=\"elementor-custom-embed\">\n\t\t\t<iframe loading=\"lazy\"\n\t\t\t\t\tsrc=\"https:\/\/maps.google.com\/maps?q=38%20L%C3%9D%20T%E1%BB%B0%20TR%E1%BB%8CNG&#038;t=m&#038;z=19&#038;output=embed&#038;iwloc=near\"\n\t\t\t\t\ttitle=\"38 L\u00dd T\u1ef0 TR\u1eccNG\"\n\t\t\t\t\taria-label=\"38 L\u00dd T\u1ef0 TR\u1eccNG\"\n\t\t\t><\/iframe>\n\t\t<\/div>\n\t\t\t\t\t\t<\/div>\n\t\t\t\t<\/div>\n\t\t\t\t\t<\/div>\n\t\t<\/div>\n\t\t\t\t\t<\/div>\n\t\t<\/section>\n\t\t\t\t<section class=\"elementor-section elementor-top-section elementor-element elementor-element-166529d elementor-section-boxed elementor-section-height-default elementor-section-height-default\" data-id=\"166529d\" data-element_type=\"section\" data-settings=\"{&quot;background_background&quot;:&quot;classic&quot;}\">\n\t\t\t\t\t\t<div class=\"elementor-container elementor-column-gap-default\">\n\t\t\t\t\t<div class=\"elementor-column elementor-col-50 elementor-top-column elementor-element elementor-element-68aa48e\" data-id=\"68aa48e\" data-element_type=\"column\" data-settings=\"{&quot;background_background&quot;:&quot;classic&quot;}\">\n\t\t\t<div class=\"elementor-widget-wrap elementor-element-populated\">\n\t\t\t\t\t<div class=\"elementor-background-overlay\"><\/div>\n\t\t\t\t\t\t<div class=\"elementor-element elementor-element-dd3ec88 elementor-absolute elementor-align-left elementor-widget__width-initial elementor-icon-list--layout-traditional elementor-list-item-link-full_width elementor-invisible elementor-widget elementor-widget-icon-list\" data-id=\"dd3ec88\" data-element_type=\"widget\" data-settings=\"{&quot;_position&quot;:&quot;absolute&quot;,&quot;_animation&quot;:&quot;zoomIn&quot;,&quot;_animation_delay&quot;:200}\" data-widget_type=\"icon-list.default\">\n\t\t\t\t<div class=\"elementor-widget-container\">\n\t\t\t\t\t\t\t<ul class=\"elementor-icon-list-items\">\n\t\t\t\t\t\t\t<li class=\"elementor-icon-list-item\">\n\t\t\t\t\t\t\t\t\t\t<span class=\"elementor-icon-list-text\">Li\u00ean h\u1ec7<\/span>\n\t\t\t\t\t\t\t\t\t<\/li>\n\t\t\t\t\t\t\t\t<li class=\"elementor-icon-list-item\">\n\t\t\t\t\t\t\t\t\t\t<span class=\"elementor-icon-list-text\">\u0110\u1ed1i v\u1edbi b\u1ea5t k\u1ef3 y\u00eau c\u1ea7u, \u0111\u1eb7t ph\u00f2ng, s\u1ef1 ki\u1ec7n ri\u00eang t\u01b0 ho\u1eb7c y\u00eau c\u1ea7u ph\u1ee5c v\u1ee5 \u0103n u\u1ed1ng, vui l\u00f2ng li\u00ean h\u1ec7 v\u1edbi ch\u00fang t\u00f4i t\u1ea1i \u0111\u00e2y:<\/span>\n\t\t\t\t\t\t\t\t\t<\/li>\n\t\t\t\t\t\t<\/ul>\n\t\t\t\t\t\t<\/div>\n\t\t\t\t<\/div>\n\t\t\t\t<div class=\"elementor-element elementor-element-d3d85a4 elementor-absolute elementor-align-left elementor-widget__width-initial elementor-icon-list--layout-traditional elementor-list-item-link-full_width elementor-invisible elementor-widget elementor-widget-icon-list\" data-id=\"d3d85a4\" data-element_type=\"widget\" data-settings=\"{&quot;_position&quot;:&quot;absolute&quot;,&quot;_animation&quot;:&quot;zoomIn&quot;,&quot;_animation_delay&quot;:200}\" data-widget_type=\"icon-list.default\">\n\t\t\t\t<div class=\"elementor-widget-container\">\n\t\t\t\t\t\t\t<ul class=\"elementor-icon-list-items\">\n\t\t\t\t\t\t\t<li class=\"elementor-icon-list-item\">\n\t\t\t\t\t\t\t\t\t\t<span class=\"elementor-icon-list-text\">            <\/span>\n\t\t\t\t\t\t\t\t\t<\/li>\n\t\t\t\t\t\t\t\t<li class=\"elementor-icon-list-item\">\n\t\t\t\t\t\t\t\t\t\t<span class=\"elementor-icon-list-text\">\u200c\u0110\u1eb7t t\u200ci\u1ec7c <\/span>\n\t\t\t\t\t\t\t\t\t<\/li>\n\t\t\t\t\t\t\t\t<li class=\"elementor-icon-list-item\">\n\t\t\t\t\t\t\t\t\t\t\t<a href=\"tel: 0898881240\">\n\n\t\t\t\t\t\t\t\t\t\t\t<span class=\"elementor-icon-list-text\">028 3825 1676<\/span>\n\t\t\t\t\t\t\t\t\t\t\t<\/a>\n\t\t\t\t\t\t\t\t\t<\/li>\n\t\t\t\t\t\t\t\t<li class=\"elementor-icon-list-item\">\n\t\t\t\t\t\t\t\t\t\t<span class=\"elementor-icon-list-text\">    <\/span>\n\t\t\t\t\t\t\t\t\t<\/li>\n\t\t\t\t\t\t<\/ul>\n\t\t\t\t\t\t<\/div>\n\t\t\t\t<\/div>\n\t\t\t\t<div class=\"elementor-element elementor-element-e5b6c53 elementor-absolute elementor-align-left elementor-widget__width-initial elementor-icon-list--layout-traditional elementor-list-item-link-full_width elementor-invisible elementor-widget elementor-widget-icon-list\" data-id=\"e5b6c53\" data-element_type=\"widget\" data-settings=\"{&quot;_position&quot;:&quot;absolute&quot;,&quot;_animation&quot;:&quot;zoomIn&quot;,&quot;_animation_delay&quot;:200}\" data-widget_type=\"icon-list.default\">\n\t\t\t\t<div class=\"elementor-widget-container\">\n\t\t\t\t\t\t\t<ul class=\"elementor-icon-list-items\">\n\t\t\t\t\t\t\t<li class=\"elementor-icon-list-item\">\n\t\t\t\t\t\t\t\t\t\t<span class=\"elementor-icon-list-text\">\u200cL\u1edbp n\u1ea5u \u0103n Hoa \u200cT\u00fac Cooking Class<\/span>\n\t\t\t\t\t\t\t\t\t<\/li>\n\t\t\t\t\t\t\t\t<li class=\"elementor-icon-list-item\">\n\t\t\t\t\t\t\t\t\t\t\t<a href=\"tel: 028 3825 1676\">\n\n\t\t\t\t\t\t\t\t\t\t\t<span class=\"elementor-icon-list-text\">028 3825 1676<\/span>\n\t\t\t\t\t\t\t\t\t\t\t<\/a>\n\t\t\t\t\t\t\t\t\t<\/li>\n\t\t\t\t\t\t\t\t<li class=\"elementor-icon-list-item\">\n\t\t\t\t\t\t\t\t\t\t\t<a href=\"mailto: cookingclass@hoatuc.com \">\n\n\t\t\t\t\t\t\t\t\t\t\t<span class=\"elementor-icon-list-text\">cookingclass@hoatuc.com <\/span>\n\t\t\t\t\t\t\t\t\t\t\t<\/a>\n\t\t\t\t\t\t\t\t\t<\/li>\n\t\t\t\t\t\t<\/ul>\n\t\t\t\t\t\t<\/div>\n\t\t\t\t<\/div>\n\t\t\t\t<div class=\"elementor-element elementor-element-f839fc1 elementor-absolute elementor-align-left elementor-widget__width-initial elementor-icon-list--layout-traditional elementor-list-item-link-full_width elementor-invisible elementor-widget elementor-widget-icon-list\" data-id=\"f839fc1\" data-element_type=\"widget\" data-settings=\"{&quot;_position&quot;:&quot;absolute&quot;,&quot;_animation&quot;:&quot;zoomIn&quot;,&quot;_animation_delay&quot;:200}\" data-widget_type=\"icon-list.default\">\n\t\t\t\t<div class=\"elementor-widget-container\">\n\t\t\t\t\t\t\t<ul class=\"elementor-icon-list-items\">\n\t\t\t\t\t\t\t<li class=\"elementor-icon-list-item\">\n\t\t\t\t\t\t\t\t\t\t<span class=\"elementor-icon-list-text\">HO CHI MINH<\/span>\n\t\t\t\t\t\t\t\t\t<\/li>\n\t\t\t\t\t\t\t\t<li class=\"elementor-icon-list-item\">\n\t\t\t\t\t\t\t\t\t\t\t<a href=\"tel: 028 3825 1676\">\n\n\t\t\t\t\t\t\t\t\t\t\t<span class=\"elementor-icon-list-text\">028 3825 1676<\/span>\n\t\t\t\t\t\t\t\t\t\t\t<\/a>\n\t\t\t\t\t\t\t\t\t<\/li>\n\t\t\t\t\t\t\t\t<li class=\"elementor-icon-list-item\">\n\t\t\t\t\t\t\t\t\t\t\t<a href=\"mailto: info@hoatuc.com\">\n\n\t\t\t\t\t\t\t\t\t\t\t<span class=\"elementor-icon-list-text\">info@hoatuc.com<\/span>\n\t\t\t\t\t\t\t\t\t\t\t<\/a>\n\t\t\t\t\t\t\t\t\t<\/li>\n\t\t\t\t\t\t\t\t<li class=\"elementor-icon-list-item\">\n\t\t\t\t\t\t\t\t\t\t<span class=\"elementor-icon-list-text\">11AM-10PM, h\u00e0ng ng\u00e0y<\/span>\n\t\t\t\t\t\t\t\t\t<\/li>\n\t\t\t\t\t\t\t\t<li class=\"elementor-icon-list-item\">\n\t\t\t\t\t\t\t\t\t\t<span class=\"elementor-icon-list-text\">74\/7 HAI B\u00c0 TR\u01afNG, PH\u01af\u1edcNG S\u00c0I G\u00d2N, TP.HCM<\/span>\n\t\t\t\t\t\t\t\t\t<\/li>\n\t\t\t\t\t\t\t\t<li class=\"elementor-icon-list-item\">\n\t\t\t\t\t\t\t\t\t\t<span class=\"elementor-icon-list-text\">29 NG\u00d4 TH\u1edcI NHI\u1ec6M, PH\u01af\u1edcNG XU\u00c2N HO\u00c0, TP.HCM<\/span>\n\t\t\t\t\t\t\t\t\t<\/li>\n\t\t\t\t\t\t<\/ul>\n\t\t\t\t\t\t<\/div>\n\t\t\t\t<\/div>\n\t\t\t\t\t<\/div>\n\t\t<\/div>\n\t\t\t\t<div class=\"elementor-column elementor-col-50 elementor-top-column elementor-element elementor-element-d269155 elementor-hidden-phone\" data-id=\"d269155\" data-element_type=\"column\">\n\t\t\t<div class=\"elementor-widget-wrap\">\n\t\t\t\t\t\t\t<\/div>\n\t\t<\/div>\n\t\t\t\t\t<\/div>\n\t\t<\/section>\n\t\t\t\t<section class=\"elementor-section elementor-top-section elementor-element elementor-element-f730e77 elementor-section-height-min-height elementor-reverse-mobile elementor-section-boxed elementor-section-height-default elementor-section-items-middle\" data-id=\"f730e77\" data-element_type=\"section\" data-settings=\"{&quot;background_background&quot;:&quot;classic&quot;,&quot;background_motion_fx_motion_fx_scrolling&quot;:&quot;yes&quot;,&quot;background_motion_fx_motion_fx_mouse&quot;:&quot;yes&quot;,&quot;background_motion_fx_mouseTrack_effect&quot;:&quot;yes&quot;,&quot;background_motion_fx_mouseTrack_speed&quot;:{&quot;unit&quot;:&quot;px&quot;,&quot;size&quot;:0.5,&quot;sizes&quot;:[]},&quot;background_motion_fx_devices&quot;:[&quot;desktop&quot;,&quot;tablet&quot;,&quot;mobile&quot;]}\">\n\t\t\t\t\t\t<div class=\"elementor-container elementor-column-gap-no\">\n\t\t\t\t\t<div class=\"elementor-column elementor-col-50 elementor-top-column elementor-element elementor-element-9a4fddf elementor-hidden-phone\" data-id=\"9a4fddf\" data-element_type=\"column\" data-settings=\"{&quot;background_background&quot;:&quot;classic&quot;}\">\n\t\t\t<div class=\"elementor-widget-wrap elementor-element-populated\">\n\t\t\t\t\t\t<div class=\"elementor-element elementor-element-a08c681 elementor-widget elementor-widget-image\" data-id=\"a08c681\" data-element_type=\"widget\" data-settings=\"{&quot;_animation_mobile&quot;:&quot;fadeInUp&quot;}\" data-widget_type=\"image.default\">\n\t\t\t\t<div class=\"elementor-widget-container\">\n\t\t\t\t\t\t\t\t\t\t\t\t\t\t\t<img decoding=\"async\" src=\"https:\/\/hoatuc.com\/wp-content\/uploads\/2022\/06\/Asset-2@3x-1.png\" title=\"Asset 2@3x 1\" alt=\"Asset 2@3x 1\" loading=\"lazy\" \/>\t\t\t\t\t\t\t\t\t\t\t\t\t\t\t<\/div>\n\t\t\t\t<\/div>\n\t\t\t\t\t<\/div>\n\t\t<\/div>\n\t\t\t\t<div class=\"elementor-column elementor-col-50 elementor-top-column elementor-element elementor-element-e91b831\" data-id=\"e91b831\" data-element_type=\"column\">\n\t\t\t<div class=\"elementor-widget-wrap elementor-element-populated\">\n\t\t\t\t\t\t<div class=\"elementor-element elementor-element-17f5804 elementor-button-align-end elementor-mobile-button-align-center elementor-widget elementor-widget-form\" data-id=\"17f5804\" data-element_type=\"widget\" data-settings=\"{&quot;step_next_label&quot;:&quot;Next&quot;,&quot;step_previous_label&quot;:&quot;Previous&quot;,&quot;button_width&quot;:&quot;100&quot;,&quot;step_type&quot;:&quot;number_text&quot;,&quot;step_icon_shape&quot;:&quot;circle&quot;}\" data-widget_type=\"form.default\">\n\t\t\t\t<div class=\"elementor-widget-container\">\n\t\t\t\t\t\t\t<form class=\"elementor-form\" method=\"post\" name=\"Hoa T\u00fac S\u00e0i G\u00f2n\" action=\"\">\n\t\t\t<input type=\"hidden\" name=\"post_id\" value=\"37\"\/>\n\t\t\t<input type=\"hidden\" name=\"form_id\" value=\"17f5804\"\/>\n\t\t\t<input type=\"hidden\" name=\"referer_title\" value=\"HOA TUC\" \/>\n\n\t\t\t\n\t\t\t<div class=\"elementor-form-fields-wrapper elementor-labels-\">\n\t\t\t\t\t\t\t\t<div class=\"elementor-field-type-text elementor-field-group elementor-column elementor-field-group-name elementor-col-50\">\n\t\t\t\t\t\t\t\t\t\t\t\t<label for=\"form-field-name\" class=\"elementor-field-label elementor-screen-only\">\n\t\t\t\t\t\t\t\tT\u00ean \u0111\u1ea7u ti\u00ean\t\t\t\t\t\t\t<\/label>\n\t\t\t\t\t\t\t\t\t\t\t\t\t\t<input size=\"1\" type=\"text\" name=\"form_fields[name]\" id=\"form-field-name\" class=\"elementor-field elementor-size-md  elementor-field-textual\" placeholder=\"T\u00ean \u0111\u1ea7u ti\u00ean\">\n\t\t\t\t\t\t\t\t\t\t\t<\/div>\n\t\t\t\t\t\t\t\t<div class=\"elementor-field-type-text elementor-field-group elementor-column elementor-field-group-email elementor-col-50 elementor-field-required\">\n\t\t\t\t\t\t\t\t\t\t\t\t<label for=\"form-field-email\" class=\"elementor-field-label elementor-screen-only\">\n\t\t\t\t\t\t\t\tT\u00ean cu\u1ed1i c\u00f9ng\t\t\t\t\t\t\t<\/label>\n\t\t\t\t\t\t\t\t\t\t\t\t\t\t<input size=\"1\" type=\"text\" name=\"form_fields[email]\" id=\"form-field-email\" class=\"elementor-field elementor-size-md  elementor-field-textual\" placeholder=\"T\u00ean cu\u1ed1i c\u00f9ng\" required=\"required\">\n\t\t\t\t\t\t\t\t\t\t\t<\/div>\n\t\t\t\t\t\t\t\t<div class=\"elementor-field-type-email elementor-field-group elementor-column elementor-field-group-message elementor-col-50\">\n\t\t\t\t\t\t\t\t\t\t\t\t<label for=\"form-field-message\" class=\"elementor-field-label elementor-screen-only\">\n\t\t\t\t\t\t\t\t\u0110\u1ecba ch\u1ec9 Email\t\t\t\t\t\t\t<\/label>\n\t\t\t\t\t\t\t\t\t\t\t\t\t\t<input size=\"1\" type=\"email\" name=\"form_fields[message]\" id=\"form-field-message\" class=\"elementor-field elementor-size-md  elementor-field-textual\" placeholder=\"\u0110\u1ecba ch\u1ec9 Email\">\n\t\t\t\t\t\t\t\t\t\t\t<\/div>\n\t\t\t\t\t\t\t\t<div class=\"elementor-field-type-tel elementor-field-group elementor-column elementor-field-group-field_34d9cc9 elementor-col-50\">\n\t\t\t\t\t\t\t\t\t\t\t\t<label for=\"form-field-field_34d9cc9\" class=\"elementor-field-label elementor-screen-only\">\n\t\t\t\t\t\t\t\tPhone number\t\t\t\t\t\t\t<\/label>\n\t\t\t\t\t\t\t\t<input size=\"1\" type=\"tel\" name=\"form_fields[field_34d9cc9]\" id=\"form-field-field_34d9cc9\" class=\"elementor-field elementor-size-md  elementor-field-textual\" placeholder=\"Phone number\" pattern=\"[0-9()#&amp;+*-=.]+\" title=\"Only numbers and phone characters (#, -, *, etc) are accepted.\">\n\n\t\t\t\t\t\t<\/div>\n\t\t\t\t\t\t\t\t<div class=\"elementor-field-type-textarea elementor-field-group elementor-column elementor-field-group-field_716fa40 elementor-col-100\">\n\t\t\t\t\t\t\t\t\t\t\t\t<label for=\"form-field-field_716fa40\" class=\"elementor-field-label elementor-screen-only\">\n\t\t\t\t\t\t\t\tTh\u00f4ng \u0111i\u1ec7p c\u1ee7a b\u1ea1n\t\t\t\t\t\t\t<\/label>\n\t\t\t\t\t\t<textarea class=\"elementor-field-textual elementor-field  elementor-size-md\" name=\"form_fields[field_716fa40]\" id=\"form-field-field_716fa40\" rows=\"4\" placeholder=\"Th\u00f4ng \u0111i\u1ec7p c\u1ee7a b\u1ea1n\"><\/textarea>\t\t\t\t<\/div>\n\t\t\t\t\t\t\t\t<div class=\"elementor-field-type-recaptcha_v3 elementor-field-group elementor-column elementor-field-group-field_8dafddf elementor-col-100 recaptcha_v3-bottomright\">\n\t\t\t\t\t<div class=\"elementor-field\" id=\"form-field-field_8dafddf\"><div class=\"elementor-g-recaptcha\" data-sitekey=\"6LdQLL0hAAAAAFZHq8rcX-QovmYJDnsz3qN3Cig8\" data-type=\"v3\" data-action=\"Form\" data-badge=\"bottomright\" data-size=\"invisible\"><\/div><\/div>\t\t\t\t<\/div>\n\t\t\t\t\t\t\t\t<div class=\"elementor-field-group elementor-column elementor-field-type-submit elementor-col-100 e-form__buttons\">\n\t\t\t\t\t<button class=\"elementor-button elementor-size-xs\" type=\"submit\">\n\t\t\t\t\t\t<span class=\"elementor-button-content-wrapper\">\n\t\t\t\t\t\t\t\t\t\t\t\t\t\t\t\t\t\t\t\t\t\t<span class=\"elementor-button-text\">G\u1eedi cho ch\u1ee9ng t\u00f4i<\/span>\n\t\t\t\t\t\t\t\t\t\t\t\t\t<\/span>\n\t\t\t\t\t<\/button>\n\t\t\t\t<\/div>\n\t\t\t<\/div>\n\t\t<input type=\"hidden\" name=\"trp-form-language\" value=\"vi\"\/><\/form>\n\t\t\t\t\t\t<\/div>\n\t\t\t\t<\/div>\n\t\t\t\t\t<\/div>\n\t\t<\/div>\n\t\t\t\t\t<\/div>\n\t\t<\/section>\n\t\t\t\t<\/div>","protected":false},"excerpt":{"rendered":"<p>CONTACT US For any request, booking, private event or catering enquiry, please contact us here: Private event &#038; Catering 028 3825 1676 Hoa \u200cT\u00fac Cooking Class 028 3825 1676 cookingclass@hoatuc.com HO CHI MINH 028 3825 1676 info@hoatuc.com 11AM-10PM, Everyday 74\/7 HAI BA TRUNG, SAI GON WARD, HCMC 29 NGO THOI NHIEM, XUAN HOA WARD, HCMC<\/p>","protected":false},"author":1,"featured_media":0,"parent":0,"menu_order":0,"comment_status":"closed","ping_status":"closed","template":"elementor_header_footer","meta":{"footnotes":""},"class_list":["post-37","page","type-page","status-publish","hentry"],"yoast_head":"<!-- This site is optimized with the Yoast SEO plugin v24.9 - https:\/\/yoast.com\/wordpress\/plugins\/seo\/ -->\n<title>Contact Us - HOA TUC<\/title>\n<meta name=\"robots\" content=\"index, follow, max-snippet:-1, max-image-preview:large, max-video-preview:-1\" \/>\n<link rel=\"canonical\" href=\"https:\/\/hoatuc.com\/vi\/contact-us\/\" \/>\n<meta property=\"og:locale\" content=\"vi_VN\" \/>\n<meta property=\"og:type\" content=\"article\" \/>\n<meta property=\"og:title\" content=\"Contact Us - HOA TUC\" \/>\n<meta property=\"og:description\" content=\"CONTACT US For any request, booking, private event or catering enquiry, please contact us here: Private event &#038; Catering 028 3825 1676 Hoa \u200cT\u00fac Cooking Class 028 3825 1676 cookingclass@hoatuc.com HO CHI MINH 028 3825 1676 info@hoatuc.com 11AM-10PM, Everyday 74\/7 HAI BA TRUNG, SAI GON WARD, HCMC 29 NGO THOI NHIEM, XUAN HOA WARD, HCMC\" \/>\n<meta property=\"og:url\" content=\"https:\/\/hoatuc.com\/vi\/contact-us\/\" \/>\n<meta property=\"og:site_name\" content=\"HOA TUC\" \/>\n<meta property=\"article:modified_time\" content=\"2025-07-02T17:14:51+00:00\" \/>\n<meta property=\"og:image\" content=\"https:\/\/hoatuc.com\/wp-content\/uploads\/2022\/06\/Asset-2@3x-1.png\" \/>\n<meta name=\"twitter:card\" content=\"summary_large_image\" \/>\n<meta name=\"twitter:label1\" content=\"\u01af\u1edbc t\u00ednh th\u1eddi gian \u0111\u1ecdc\" \/>\n\t<meta name=\"twitter:data1\" content=\"1 ph\u00fat\" \/>\n<script type=\"application\/ld+json\" class=\"yoast-schema-graph\">{\"@context\":\"https:\/\/schema.org\",\"@graph\":[{\"@type\":\"WebPage\",\"@id\":\"https:\/\/hoatuc.com\/contact-us\/\",\"url\":\"https:\/\/hoatuc.com\/contact-us\/\",\"name\":\"Contact Us - HOA TUC\",\"isPartOf\":{\"@id\":\"https:\/\/hoatuc.com\/#website\"},\"primaryImageOfPage\":{\"@id\":\"https:\/\/hoatuc.com\/contact-us\/#primaryimage\"},\"image\":{\"@id\":\"https:\/\/hoatuc.com\/contact-us\/#primaryimage\"},\"thumbnailUrl\":\"https:\/\/hoatuc.com\/wp-content\/uploads\/2022\/06\/Asset-2@3x-1.png\",\"datePublished\":\"2021-05-05T08:38:32+00:00\",\"dateModified\":\"2025-07-02T17:14:51+00:00\",\"breadcrumb\":{\"@id\":\"https:\/\/hoatuc.com\/contact-us\/#breadcrumb\"},\"inLanguage\":\"vi\",\"potentialAction\":[{\"@type\":\"ReadAction\",\"target\":[\"https:\/\/hoatuc.com\/contact-us\/\"]}]},{\"@type\":\"ImageObject\",\"inLanguage\":\"vi\",\"@id\":\"https:\/\/hoatuc.com\/contact-us\/#primaryimage\",\"url\":\"https:\/\/hoatuc.com\/wp-content\/uploads\/2022\/06\/Asset-2@3x-1.png\",\"contentUrl\":\"https:\/\/hoatuc.com\/wp-content\/uploads\/2022\/06\/Asset-2@3x-1.png\"},{\"@type\":\"BreadcrumbList\",\"@id\":\"https:\/\/hoatuc.com\/contact-us\/#breadcrumb\",\"itemListElement\":[{\"@type\":\"ListItem\",\"position\":1,\"name\":\"Home\",\"item\":\"https:\/\/hoatuc.com\/\"},{\"@type\":\"ListItem\",\"position\":2,\"name\":\"Contact Us\"}]},{\"@type\":\"WebSite\",\"@id\":\"https:\/\/hoatuc.com\/#website\",\"url\":\"https:\/\/hoatuc.com\/\",\"name\":\"HOA TUC\",\"description\":\"\",\"publisher\":{\"@id\":\"https:\/\/hoatuc.com\/#organization\"},\"potentialAction\":[{\"@type\":\"SearchAction\",\"target\":{\"@type\":\"EntryPoint\",\"urlTemplate\":\"https:\/\/hoatuc.com\/?s={search_term_string}\"},\"query-input\":{\"@type\":\"PropertyValueSpecification\",\"valueRequired\":true,\"valueName\":\"search_term_string\"}}],\"inLanguage\":\"vi\"},{\"@type\":\"Organization\",\"@id\":\"https:\/\/hoatuc.com\/#organization\",\"name\":\"HOA TUC\",\"url\":\"https:\/\/hoatuc.com\/\",\"logo\":{\"@type\":\"ImageObject\",\"inLanguage\":\"vi\",\"@id\":\"https:\/\/hoatuc.com\/#\/schema\/logo\/image\/\",\"url\":\"https:\/\/hoatuc.com\/wp-content\/uploads\/2022\/06\/cropped-HT-logo-01-4-1.png\",\"contentUrl\":\"https:\/\/hoatuc.com\/wp-content\/uploads\/2022\/06\/cropped-HT-logo-01-4-1.png\",\"width\":299,\"height\":162,\"caption\":\"HOA TUC\"},\"image\":{\"@id\":\"https:\/\/hoatuc.com\/#\/schema\/logo\/image\/\"}}]}<\/script>\n<!-- \/ Yoast SEO plugin. -->","yoast_head_json":{"title":"Contact Us - HOA TUC","robots":{"index":"index","follow":"follow","max-snippet":"max-snippet:-1","max-image-preview":"max-image-preview:large","max-video-preview":"max-video-preview:-1"},"canonical":"https:\/\/hoatuc.com\/vi\/contact-us\/","og_locale":"vi_VN","og_type":"article","og_title":"Contact Us - HOA TUC","og_description":"CONTACT US For any request, booking, private event or catering enquiry, please contact us here: Private event &#038; Catering 028 3825 1676 Hoa \u200cT\u00fac Cooking Class 028 3825 1676 cookingclass@hoatuc.com HO CHI MINH 028 3825 1676 info@hoatuc.com 11AM-10PM, Everyday 74\/7 HAI BA TRUNG, SAI GON WARD, HCMC 29 NGO THOI NHIEM, XUAN HOA WARD, HCMC","og_url":"https:\/\/hoatuc.com\/vi\/contact-us\/","og_site_name":"HOA TUC","article_modified_time":"2025-07-02T17:14:51+00:00","og_image":[{"url":"https:\/\/hoatuc.com\/wp-content\/uploads\/2022\/06\/Asset-2@3x-1.png","type":"","width":"","height":""}],"twitter_card":"summary_large_image","twitter_misc":{"\u01af\u1edbc t\u00ednh th\u1eddi gian \u0111\u1ecdc":"1 ph\u00fat"},"schema":{"@context":"https:\/\/schema.org","@graph":[{"@type":"WebPage","@id":"https:\/\/hoatuc.com\/contact-us\/","url":"https:\/\/hoatuc.com\/contact-us\/","name":"Contact Us - HOA TUC","isPartOf":{"@id":"https:\/\/hoatuc.com\/#website"},"primaryImageOfPage":{"@id":"https:\/\/hoatuc.com\/contact-us\/#primaryimage"},"image":{"@id":"https:\/\/hoatuc.com\/contact-us\/#primaryimage"},"thumbnailUrl":"https:\/\/hoatuc.com\/wp-content\/uploads\/2022\/06\/Asset-2@3x-1.png","datePublished":"2021-05-05T08:38:32+00:00","dateModified":"2025-07-02T17:14:51+00:00","breadcrumb":{"@id":"https:\/\/hoatuc.com\/contact-us\/#breadcrumb"},"inLanguage":"vi","potentialAction":[{"@type":"ReadAction","target":["https:\/\/hoatuc.com\/contact-us\/"]}]},{"@type":"ImageObject","inLanguage":"vi","@id":"https:\/\/hoatuc.com\/contact-us\/#primaryimage","url":"https:\/\/hoatuc.com\/wp-content\/uploads\/2022\/06\/Asset-2@3x-1.png","contentUrl":"https:\/\/hoatuc.com\/wp-content\/uploads\/2022\/06\/Asset-2@3x-1.png"},{"@type":"BreadcrumbList","@id":"https:\/\/hoatuc.com\/contact-us\/#breadcrumb","itemListElement":[{"@type":"ListItem","position":1,"name":"Home","item":"https:\/\/hoatuc.com\/"},{"@type":"ListItem","position":2,"name":"Contact Us"}]},{"@type":"WebSite","@id":"https:\/\/hoatuc.com\/#website","url":"https:\/\/hoatuc.com\/","name":"HOA TUC","description":"","publisher":{"@id":"https:\/\/hoatuc.com\/#organization"},"potentialAction":[{"@type":"SearchAction","target":{"@type":"EntryPoint","urlTemplate":"https:\/\/hoatuc.com\/?s={search_term_string}"},"query-input":{"@type":"PropertyValueSpecification","valueRequired":true,"valueName":"search_term_string"}}],"inLanguage":"vi"},{"@type":"Organization","@id":"https:\/\/hoatuc.com\/#organization","name":"HOA TUC","url":"https:\/\/hoatuc.com\/","logo":{"@type":"ImageObject","inLanguage":"vi","@id":"https:\/\/hoatuc.com\/#\/schema\/logo\/image\/","url":"https:\/\/hoatuc.com\/wp-content\/uploads\/2022\/06\/cropped-HT-logo-01-4-1.png","contentUrl":"https:\/\/hoatuc.com\/wp-content\/uploads\/2022\/06\/cropped-HT-logo-01-4-1.png","width":299,"height":162,"caption":"HOA TUC"},"image":{"@id":"https:\/\/hoatuc.com\/#\/schema\/logo\/image\/"}}]}},"_links":{"self":[{"href":"https:\/\/hoatuc.com\/vi\/wp-json\/wp\/v2\/pages\/37","targetHints":{"allow":["GET"]}}],"collection":[{"href":"https:\/\/hoatuc.com\/vi\/wp-json\/wp\/v2\/pages"}],"about":[{"href":"https:\/\/hoatuc.com\/vi\/wp-json\/wp\/v2\/types\/page"}],"author":[{"embeddable":true,"href":"https:\/\/hoatuc.com\/vi\/wp-json\/wp\/v2\/users\/1"}],"replies":[{"embeddable":true,"href":"https:\/\/hoatuc.com\/vi\/wp-json\/wp\/v2\/comments?post=37"}],"version-history":[{"count":382,"href":"https:\/\/hoatuc.com\/vi\/wp-json\/wp\/v2\/pages\/37\/revisions"}],"predecessor-version":[{"id":5025,"href":"https:\/\/hoatuc.com\/vi\/wp-json\/wp\/v2\/pages\/37\/revisions\/5025"}],"wp:attachment":[{"href":"https:\/\/hoatuc.com\/vi\/wp-json\/wp\/v2\/media?parent=37"}],"curies":[{"name":"wp","href":"https:\/\/api.w.org\/{rel}","templated":true}]}}