{"id":33,"date":"2021-05-05T08:37:48","date_gmt":"2021-05-05T08:37:48","guid":{"rendered":"https:\/\/new-ricotacosaigon.jaysoft.asia\/?page_id=33"},"modified":"2022-08-26T16:14:52","modified_gmt":"2022-08-26T09:14:52","slug":"your-event-with-us-organize-events","status":"publish","type":"page","link":"https:\/\/hoatuc.com\/vi\/your-event-with-us-organize-events\/","title":{"rendered":"T\u1ed5 Ch\u1ee9c S\u1ef1 Ki\u1ec7n"},"content":{"rendered":"<div data-elementor-type=\"wp-page\" data-elementor-id=\"33\" class=\"elementor elementor-33\" data-elementor-post-type=\"page\">\n\t\t\t\t\t\t<section class=\"elementor-section elementor-top-section elementor-element elementor-element-8410ba2 elementor-section-height-min-height elementor-section-boxed elementor-section-height-default elementor-section-items-middle\" data-id=\"8410ba2\" data-element_type=\"section\" data-settings=\"{&quot;background_background&quot;:&quot;classic&quot;}\">\n\t\t\t\t\t\t<div class=\"elementor-container elementor-column-gap-default\">\n\t\t\t\t\t<div class=\"elementor-column elementor-col-100 elementor-top-column elementor-element elementor-element-3ec8f12\" data-id=\"3ec8f12\" data-element_type=\"column\">\n\t\t\t<div class=\"elementor-widget-wrap\">\n\t\t\t\t\t\t\t<\/div>\n\t\t<\/div>\n\t\t\t\t\t<\/div>\n\t\t<\/section>\n\t\t\t\t<section class=\"elementor-section elementor-top-section elementor-element elementor-element-30f1d1d elementor-section-height-min-height elementor-section-boxed elementor-section-height-default elementor-section-items-middle\" data-id=\"30f1d1d\" data-element_type=\"section\" data-settings=\"{&quot;background_background&quot;:&quot;classic&quot;}\">\n\t\t\t\t\t\t<div class=\"elementor-container elementor-column-gap-default\">\n\t\t\t\t\t<div class=\"elementor-column elementor-col-100 elementor-top-column elementor-element elementor-element-c22a0ab\" data-id=\"c22a0ab\" data-element_type=\"column\">\n\t\t\t<div class=\"elementor-widget-wrap elementor-element-populated\">\n\t\t\t\t\t\t<div class=\"elementor-element elementor-element-a4efc7a elementor-invisible elementor-widget elementor-widget-heading\" data-id=\"a4efc7a\" data-element_type=\"widget\" data-settings=\"{&quot;_animation&quot;:&quot;zoomIn&quot;,&quot;_animation_tablet&quot;:&quot;zoomIn&quot;}\" data-widget_type=\"heading.default\">\n\t\t\t\t<div class=\"elementor-widget-container\">\n\t\t\t\t\t<h1 class=\"elementor-heading-title elementor-size-default\">\u0110\u1eb7t ti\u1ec7c<\/h1>\t\t\t\t<\/div>\n\t\t\t\t<\/div>\n\t\t\t\t<div class=\"elementor-element elementor-element-11f3d5b elementor-invisible elementor-widget elementor-widget-text-editor\" data-id=\"11f3d5b\" data-element_type=\"widget\" data-settings=\"{&quot;_animation&quot;:&quot;fadeInUp&quot;}\" data-widget_type=\"text-editor.default\">\n\t\t\t\t<div class=\"elementor-widget-container\">\n\t\t\t\t\t\t\t\t\t<p style=\"text-align: left;\"><span data-sheets-value=\"{\" data-sheets-userformat=\"{\">H\u00e3y \u0111\u1ec3 Hoa T\u00fac mang \u0111\u1ebfn s\u1ef1 sang tr\u1ecdng v\u00e0 th\u01a1m ngon c\u1ee7a m\u00f3n \u0103n Vi\u1ec7t \u0111\u1ebfn t\u1eadn tay b\u1ea1n! Ch\u00fang t\u00f4i cung c\u1ea5p nhi\u1ec1u th\u1ef1c \u0111\u01a1n v\u00e0 phong c\u00e1ch ph\u1ee5c v\u1ee5 kh\u00e1c nhau t\u1eeb giao \u0111\u1ed3 \u0103n s\u1eb5n \u0111\u1ebfn ph\u1ee5c v\u1ee5 tr\u1ecdn g\u00f3i \u0111\u1ec3 s\u1ef1 ki\u1ec7n c\u1ee7a b\u1ea1n tr\u1edf n\u00ean n\u1ed5i b\u1eadt. Ch\u00fang t\u00f4i c\u0169ng cung c\u1ea5p trang tr\u00ed v\u00e0 d\u1ee5ng c\u1ee5 theo y\u00eau c\u1ea7u. T\u1eeb nh\u1eefng nguy\u00ean li\u1ec7u t\u01b0\u01a1i ngon \u0111\u1ebfn s\u1ef1 chu\u1ea9n b\u1ecb k\u1ef9 l\u01b0\u1ee1ng v\u00e0 cung c\u00e1ch ph\u1ee5c v\u1ee5 t\u1eadn t\u00e2m, b\u1ea1n s\u1ebd \u0111\u01b0\u1ee3c tr\u1ea3i nghi\u1ec7m mang \u0111\u1eadm ch\u1ea5t Vi\u1ec7t.<\/span><\/p>\t\t\t\t\t\t\t\t<\/div>\n\t\t\t\t<\/div>\n\t\t\t\t<div class=\"elementor-element elementor-element-6a19c3b elementor-invisible elementor-widget elementor-widget-text-editor\" data-id=\"6a19c3b\" data-element_type=\"widget\" data-settings=\"{&quot;_animation&quot;:&quot;fadeInUp&quot;,&quot;_animation_tablet&quot;:&quot;fadeInUp&quot;}\" data-widget_type=\"text-editor.default\">\n\t\t\t\t<div class=\"elementor-widget-container\">\n\t\t\t\t\t\t\t\t\t<p><span data-sheets-value=\"{&quot;1&quot;:2,&quot;2&quot;:&quot;Let\u2019s imagine you throw your party in this lovely, elegant, and classy ambience. How would you feel? And how would your guests feel? This beautiful and cozy indoor seating area is enough to make anyone forget the madness of the city while sitting right in the very heart of it.&quot;}\" data-sheets-userformat=\"{&quot;2&quot;:15107,&quot;3&quot;:{&quot;1&quot;:0},&quot;4&quot;:{&quot;1&quot;:2,&quot;2&quot;:16777215},&quot;11&quot;:4,&quot;12&quot;:0,&quot;14&quot;:{&quot;1&quot;:2,&quot;2&quot;:1842721},&quot;15&quot;:&quot;Helvetica, Arial, sans-serif&quot;,&quot;16&quot;:11}\">H\u00e3y t\u01b0\u1edfng t\u01b0\u1ee3ng xem m\u1ed9t b\u1eefa ti\u1ec7c c\u1ee7a b\u1ea1n s\u1ebd \u0111\u01b0\u1ee3c t\u1ed5 ch\u1ee9c t\u1ea1i m\u1ed9t kh\u00f4ng gian th\u1eadt trang nh\u00e3 v\u00e0 sang tr\u1ecdng s\u1ebd nh\u01b0 th\u1ebf n\u00e0o. V\u00e0 nh\u1eefng ng\u01b0\u1eddi kh\u00e1ch c\u1ee7a b\u1ea1n s\u1ebd c\u1ea3m th\u1ea5y th\u1ebf n\u00e0o? Kh\u00f4ng gian \u0111\u1eb9p \u0111\u1ebd v\u00e0 \u1ea5m c\u00fang c\u00f9ng v\u1edbi nh\u1eefng m\u00f3n \u0103n Vi\u1ec7t \u0111\u01b0\u01a1ng \u0111\u1ea1i \u0111\u1eb7c s\u1eafc \u0111\u1ee7 \u0111\u1ec3 khi\u1ebfn b\u1ea5t c\u1ee9 ai h\u00e0i l\u00f2ng.<\/span><\/p>\t\t\t\t\t\t\t\t<\/div>\n\t\t\t\t<\/div>\n\t\t\t\t\t<\/div>\n\t\t<\/div>\n\t\t\t\t\t<\/div>\n\t\t<\/section>\n\t\t\t\t<section class=\"elementor-section elementor-top-section elementor-element elementor-element-00f1b3a elementor-section-height-min-height elementor-reverse-mobile elementor-section-boxed elementor-section-height-default elementor-section-items-middle\" data-id=\"00f1b3a\" data-element_type=\"section\" data-settings=\"{&quot;background_background&quot;:&quot;classic&quot;}\">\n\t\t\t\t\t\t<div class=\"elementor-container elementor-column-gap-no\">\n\t\t\t\t\t<div class=\"elementor-column elementor-col-50 elementor-top-column elementor-element elementor-element-894632d\" data-id=\"894632d\" data-element_type=\"column\">\n\t\t\t<div class=\"elementor-widget-wrap\">\n\t\t\t\t\t\t\t<\/div>\n\t\t<\/div>\n\t\t\t\t<div class=\"elementor-column elementor-col-50 elementor-top-column elementor-element elementor-element-922d1c3\" data-id=\"922d1c3\" data-element_type=\"column\">\n\t\t\t<div class=\"elementor-widget-wrap elementor-element-populated\">\n\t\t\t\t\t\t<div class=\"elementor-element elementor-element-02635a3 elementor-invisible elementor-widget elementor-widget-heading\" data-id=\"02635a3\" data-element_type=\"widget\" data-settings=\"{&quot;_animation&quot;:&quot;zoomIn&quot;}\" data-widget_type=\"heading.default\">\n\t\t\t\t<div class=\"elementor-widget-container\">\n\t\t\t\t\t<h2 class=\"elementor-heading-title elementor-size-default\">D\u1ecbch v\u1ee5 ti\u1ec7c t\u00f9ng<\/h2>\t\t\t\t<\/div>\n\t\t\t\t<\/div>\n\t\t\t\t<div class=\"elementor-element elementor-element-09028d3 elementor-invisible elementor-widget elementor-widget-text-editor\" data-id=\"09028d3\" data-element_type=\"widget\" data-settings=\"{&quot;_animation&quot;:&quot;fadeInUp&quot;}\" data-widget_type=\"text-editor.default\">\n\t\t\t\t<div class=\"elementor-widget-container\">\n\t\t\t\t\t\t\t\t\t<p style=\"text-align: left;\">H\u00e3y \u0111\u1ec3 Hoa T\u00fac mang \u0111\u1ebfn s\u1ef1 sang tr\u1ecdng v\u00e0 th\u01a1m ngon c\u1ee7a m\u00f3n \u0103n Vi\u1ec7t \u0111\u1ebfn t\u1eadn tay b\u1ea1n! Ch\u00fang t\u00f4i cung c\u1ea5p nhi\u1ec1u th\u1ef1c \u0111\u01a1n v\u00e0 phong c\u00e1ch ph\u1ee5c v\u1ee5 kh\u00e1c nhau t\u1eeb giao \u0111\u1ed3 \u0103n s\u1eb5n \u0111\u1ebfn ph\u1ee5c v\u1ee5 tr\u1ecdn g\u00f3i \u0111\u1ec3 s\u1ef1 ki\u1ec7n c\u1ee7a b\u1ea1n tr\u1edf n\u00ean n\u1ed5i b\u1eadt. Ch\u00fang t\u00f4i c\u0169ng cung c\u1ea5p trang tr\u00ed v\u00e0 d\u1ee5ng c\u1ee5 theo y\u00eau c\u1ea7u. T\u1eeb nh\u1eefng nguy\u00ean li\u1ec7u t\u01b0\u01a1i ngon \u0111\u1ebfn s\u1ef1 chu\u1ea9n b\u1ecb k\u1ef9 l\u01b0\u1ee1ng v\u00e0 cung c\u00e1ch ph\u1ee5c v\u1ee5 t\u1eadn t\u00e2m, b\u1ea1n s\u1ebd \u0111\u01b0\u1ee3c tr\u1ea3i nghi\u1ec7m mang \u0111\u1eadm ch\u1ea5t Vi\u1ec7t.<\/p>\t\t\t\t\t\t\t\t<\/div>\n\t\t\t\t<\/div>\n\t\t\t\t<div class=\"elementor-element elementor-element-ebec0a5 elementor-mobile-align-center elementor-invisible elementor-widget elementor-widget-button\" data-id=\"ebec0a5\" data-element_type=\"widget\" data-settings=\"{&quot;_animation&quot;:&quot;fadeIn&quot;}\" data-widget_type=\"button.default\">\n\t\t\t\t<div class=\"elementor-widget-container\">\n\t\t\t\t\t\t\t\t\t<div class=\"elementor-button-wrapper\">\n\t\t\t\t\t<a class=\"elementor-button elementor-button-link elementor-size-sm\" href=\"https:\/\/hoatuc.com\/vi\/catering\/\">\n\t\t\t\t\t\t<span class=\"elementor-button-content-wrapper\">\n\t\t\t\t\t\t\t\t\t<span class=\"elementor-button-text\">Xem th\u00eam<\/span>\n\t\t\t\t\t<\/span>\n\t\t\t\t\t<\/a>\n\t\t\t\t<\/div>\n\t\t\t\t\t\t\t\t<\/div>\n\t\t\t\t<\/div>\n\t\t\t\t\t<\/div>\n\t\t<\/div>\n\t\t\t\t\t<\/div>\n\t\t<\/section>\n\t\t\t\t<section class=\"elementor-section elementor-top-section elementor-element elementor-element-505520a elementor-section-height-min-height elementor-section-boxed elementor-section-height-default elementor-section-items-middle\" data-id=\"505520a\" data-element_type=\"section\" id=\"private-event\" data-settings=\"{&quot;background_background&quot;:&quot;classic&quot;}\">\n\t\t\t\t\t\t<div class=\"elementor-container elementor-column-gap-no\">\n\t\t\t\t\t<div class=\"elementor-column elementor-col-33 elementor-top-column elementor-element elementor-element-70ba80f\" data-id=\"70ba80f\" data-element_type=\"column\">\n\t\t\t<div class=\"elementor-widget-wrap elementor-element-populated\">\n\t\t\t\t\t\t<div class=\"elementor-element elementor-element-aa09e0f elementor-invisible elementor-widget elementor-widget-heading\" data-id=\"aa09e0f\" data-element_type=\"widget\" data-settings=\"{&quot;_animation&quot;:&quot;zoomIn&quot;}\" data-widget_type=\"heading.default\">\n\t\t\t\t<div class=\"elementor-widget-container\">\n\t\t\t\t\t<h2 class=\"elementor-heading-title elementor-size-default\">Ti\u1ec7c c\u00e1 nh\u00e2n<\/h2>\t\t\t\t<\/div>\n\t\t\t\t<\/div>\n\t\t\t\t<div class=\"elementor-element elementor-element-a35fa8f elementor-invisible elementor-widget elementor-widget-text-editor\" data-id=\"a35fa8f\" data-element_type=\"widget\" data-settings=\"{&quot;_animation&quot;:&quot;fadeInUp&quot;}\" data-widget_type=\"text-editor.default\">\n\t\t\t\t<div class=\"elementor-widget-container\">\n\t\t\t\t\t\t\t\t\t<p><span data-sheets-value=\"{\" data-sheets-userformat=\"{\">B\u1ea1n \u0111ang mu\u1ed1n t\u1ed5 ch\u1ee9c m\u1ed9t bu\u1ed5i ti\u1ec7c ri\u00eang t\u01b0 t\u1ea1i m\u1ed9t trong nh\u1eefng nh\u00e0 h\u00e0ng \u1ea9m th\u1ef1c Vi\u1ec7t \u0111\u01b0\u01a1ng \u0111\u1ea1i t\u1ed1t nh\u1ea5t \u1edf S\u00e0i G\u00f2n?<br \/>Nh\u00f3m c\u1ee7a ch\u00fang t\u00f4i s\u1ebd l\u00e0m vi\u1ec7c ch\u1eb7t ch\u1ebd v\u1edbi b\u1ea1n \u0111\u1ec3 t\u1ea1o ra m\u1ed9t d\u1ecbch v\u1ee5, th\u1ef1c \u0111\u01a1n, r\u01b0\u1ee3u v\u00e0 cocktail ph\u00f9 h\u1ee3p cho s\u1ef1 ki\u1ec7n c\u1ee7a b\u1ea1n.<br \/>Ch\u00fang t\u00f4i c\u0169ng cung c\u1ea5p c\u00e1c d\u1ecbch v\u1ee5 s\u1eafp x\u1ebfp v\u00e0 trang tr\u00ed hoa, nh\u1eefng th\u1ef1c \u0111\u01a1n gi\u1ea3i quy\u1ebft c\u00e1c v\u1ea5n \u0111\u1ec1 h\u1ea1n ch\u1ebf v\u1ec1 ch\u1ebf \u0111\u1ed9 \u0103n u\u1ed1ng, v.v. \u0111\u1ec3 gi\u00fap b\u1ea1n t\u1ea1o n\u00ean m\u1ed9t s\u1ef1 ki\u1ec7n ri\u00eang t\u01b0 ho\u00e0n h\u1ea3o cho nh\u00f3m c\u1ee7a m\u00ecnh.<\/span><\/p><p>B\u00e2y gi\u1edd ch\u1ec9 c\u1ea7n li\u00ean h\u1ec7 v\u1edbi ch\u00fang t\u00f4i \u0111\u1ec3 th\u1ea3o lu\u1eadn v\u1ec1 nhu c\u1ea7u c\u1ee7a b\u1ea1n.<\/p>\t\t\t\t\t\t\t\t<\/div>\n\t\t\t\t<\/div>\n\t\t\t\t<div class=\"elementor-element elementor-element-9771b25 elementor-mobile-align-center elementor-invisible elementor-widget elementor-widget-button\" data-id=\"9771b25\" data-element_type=\"widget\" data-settings=\"{&quot;_animation&quot;:&quot;fadeIn&quot;}\" data-widget_type=\"button.default\">\n\t\t\t\t<div class=\"elementor-widget-container\">\n\t\t\t\t\t\t\t\t\t<div class=\"elementor-button-wrapper\">\n\t\t\t\t\t<a class=\"elementor-button elementor-button-link elementor-size-sm\" href=\"#tab020\">\n\t\t\t\t\t\t<span class=\"elementor-button-content-wrapper\">\n\t\t\t\t\t\t\t\t\t<span class=\"elementor-button-text\">Li\u00ean H\u1ec7<\/span>\n\t\t\t\t\t<\/span>\n\t\t\t\t\t<\/a>\n\t\t\t\t<\/div>\n\t\t\t\t\t\t\t\t<\/div>\n\t\t\t\t<\/div>\n\t\t\t\t\t<\/div>\n\t\t<\/div>\n\t\t\t\t<div class=\"elementor-column elementor-col-33 elementor-top-column elementor-element elementor-element-6e34738\" data-id=\"6e34738\" data-element_type=\"column\">\n\t\t\t<div class=\"elementor-widget-wrap\">\n\t\t\t\t\t\t\t<\/div>\n\t\t<\/div>\n\t\t\t\t<div class=\"elementor-column elementor-col-33 elementor-top-column elementor-element elementor-element-afb5c8c\" data-id=\"afb5c8c\" data-element_type=\"column\">\n\t\t\t<div class=\"elementor-widget-wrap\">\n\t\t\t\t\t\t\t<\/div>\n\t\t<\/div>\n\t\t\t\t\t<\/div>\n\t\t<\/section>\n\t\t\t\t<section class=\"elementor-section elementor-top-section elementor-element elementor-element-fdeeaf5 elementor-section-height-min-height elementor-reverse-mobile elementor-section-boxed elementor-section-height-default elementor-section-items-middle\" data-id=\"fdeeaf5\" data-element_type=\"section\" id=\"TAB000\" data-settings=\"{&quot;background_background&quot;:&quot;classic&quot;}\">\n\t\t\t\t\t\t<div class=\"elementor-container elementor-column-gap-no\">\n\t\t\t\t\t<div class=\"elementor-column elementor-col-50 elementor-top-column elementor-element elementor-element-19d03e6\" data-id=\"19d03e6\" data-element_type=\"column\">\n\t\t\t<div class=\"elementor-widget-wrap\">\n\t\t\t\t\t\t\t<\/div>\n\t\t<\/div>\n\t\t\t\t<div class=\"elementor-column elementor-col-50 elementor-top-column elementor-element elementor-element-1e9df35\" data-id=\"1e9df35\" data-element_type=\"column\">\n\t\t\t<div class=\"elementor-widget-wrap elementor-element-populated\">\n\t\t\t\t\t\t<div class=\"elementor-element elementor-element-2b5eeb9 elementor-invisible elementor-widget elementor-widget-heading\" data-id=\"2b5eeb9\" data-element_type=\"widget\" data-settings=\"{&quot;_animation&quot;:&quot;zoomIn&quot;}\" data-widget_type=\"heading.default\">\n\t\t\t\t<div class=\"elementor-widget-container\">\n\t\t\t\t\t<h2 class=\"elementor-heading-title elementor-size-default\">\u0110\u1eb7t b\u00e0n nh\u00f3m<\/h2>\t\t\t\t<\/div>\n\t\t\t\t<\/div>\n\t\t\t\t<div class=\"elementor-element elementor-element-f61fdd8 elementor-invisible elementor-widget elementor-widget-text-editor\" data-id=\"f61fdd8\" data-element_type=\"widget\" data-settings=\"{&quot;_animation&quot;:&quot;fadeInUp&quot;}\" data-widget_type=\"text-editor.default\">\n\t\t\t\t<div class=\"elementor-widget-container\">\n\t\t\t\t\t\t\t\t\t<p style=\"text-align: left;\"><span data-sheets-value=\"{\" data-sheets-userformat=\"{\" data-sheets-textstyleruns=\"{\">\u0110\u1ed1i v\u1edbi \u0111\u1eb7t b\u00e0n theo nh\u00f3m tr\u00ean 10 ng\u01b0\u1eddi, vui l\u00f2ng li\u00ean h\u1ec7 s\u1edbm tr\u01b0\u1edbc v\u00e0i ng\u00e0y. <\/span><\/p><p style=\"text-align: left;\"><span data-sheets-value=\"{\" data-sheets-userformat=\"{\" data-sheets-textstyleruns=\"{\">Ch\u00fang t\u00f4i s\u1ebd gi\u00fap b\u1ea1n thi\u1ebft k\u1ebf menu ri\u00eang cho b\u1eefa ti\u1ec7c ho\u1eb7c cung c\u1ea5p cho b\u1ea1n v\u1ec1 g\u00f3i ti\u1ec7c hi\u1ec7n c\u00f3 c\u1ee7a ch\u00fang t\u00f4i<\/span><\/p>\t\t\t\t\t\t\t\t<\/div>\n\t\t\t\t<\/div>\n\t\t\t\t<div class=\"elementor-element elementor-element-58cd8c7 elementor-mobile-align-center elementor-invisible elementor-widget elementor-widget-button\" data-id=\"58cd8c7\" data-element_type=\"widget\" data-settings=\"{&quot;_animation&quot;:&quot;fadeIn&quot;}\" data-widget_type=\"button.default\">\n\t\t\t\t<div class=\"elementor-widget-container\">\n\t\t\t\t\t\t\t\t\t<div class=\"elementor-button-wrapper\">\n\t\t\t\t\t<a class=\"elementor-button elementor-button-link elementor-size-sm\" href=\"#tab020\">\n\t\t\t\t\t\t<span class=\"elementor-button-content-wrapper\">\n\t\t\t\t\t\t\t\t\t<span class=\"elementor-button-text\">Li\u00ean H\u1ec7<\/span>\n\t\t\t\t\t<\/span>\n\t\t\t\t\t<\/a>\n\t\t\t\t<\/div>\n\t\t\t\t\t\t\t\t<\/div>\n\t\t\t\t<\/div>\n\t\t\t\t\t<\/div>\n\t\t<\/div>\n\t\t\t\t\t<\/div>\n\t\t<\/section>\n\t\t\t\t<\/div>","protected":false},"excerpt":{"rendered":"<p>Booking Events Let us bring the elegance and deliciousness of Hoa Tuc to you ! We offer a variety of different menu and service styles from the delivery of ready to eat platters to full-service catering, we can do it all to make your event stand out. We also provide decoration and amenities on request. [&hellip;]<\/p>","protected":false},"author":1,"featured_media":0,"parent":0,"menu_order":0,"comment_status":"closed","ping_status":"closed","template":"elementor_header_footer","meta":{"_acf_changed":false,"footnotes":""},"class_list":["post-33","page","type-page","status-publish","hentry"],"acf":[],"yoast_head":"<!-- This site is optimized with the Yoast SEO plugin v24.9 - https:\/\/yoast.com\/wordpress\/plugins\/seo\/ -->\n<title>Your Event With Us - HOA TUC<\/title>\n<meta name=\"description\" content=\"We also offer audio-visual services, floral arrangements and decor, menus that address dietary restrictions to organize events\" \/>\n<meta name=\"robots\" content=\"index, follow, max-snippet:-1, max-image-preview:large, max-video-preview:-1\" \/>\n<link rel=\"canonical\" href=\"https:\/\/hoatuc.com\/vi\/your-event-with-us-organize-events\/\" \/>\n<meta property=\"og:locale\" content=\"vi_VN\" \/>\n<meta property=\"og:type\" content=\"article\" \/>\n<meta property=\"og:title\" content=\"Your Event With Us - HOA TUC\" \/>\n<meta property=\"og:description\" content=\"We also offer audio-visual services, floral arrangements and decor, menus that address dietary restrictions to organize events\" \/>\n<meta property=\"og:url\" content=\"https:\/\/hoatuc.com\/vi\/your-event-with-us-organize-events\/\" \/>\n<meta property=\"og:site_name\" content=\"HOA TUC\" \/>\n<meta property=\"article:modified_time\" content=\"2022-08-26T09:14:52+00:00\" \/>\n<meta property=\"og:image\" content=\"https:\/\/hoatuc.com\/wp-content\/uploads\/2024\/03\/CHOA0523-1.jpg\" \/>\n\t<meta property=\"og:image:width\" content=\"1080\" \/>\n\t<meta property=\"og:image:height\" content=\"720\" \/>\n\t<meta property=\"og:image:type\" content=\"image\/jpeg\" \/>\n<meta name=\"twitter:card\" content=\"summary_large_image\" \/>\n<meta name=\"twitter:label1\" content=\"\u01af\u1edbc t\u00ednh th\u1eddi gian \u0111\u1ecdc\" \/>\n\t<meta name=\"twitter:data1\" content=\"2 ph\u00fat\" \/>\n<script type=\"application\/ld+json\" class=\"yoast-schema-graph\">{\"@context\":\"https:\/\/schema.org\",\"@graph\":[{\"@type\":\"WebPage\",\"@id\":\"https:\/\/hoatuc.com\/your-event-with-us-organize-events\/\",\"url\":\"https:\/\/hoatuc.com\/your-event-with-us-organize-events\/\",\"name\":\"Your Event With Us - HOA TUC\",\"isPartOf\":{\"@id\":\"https:\/\/hoatuc.com\/#website\"},\"datePublished\":\"2021-05-05T08:37:48+00:00\",\"dateModified\":\"2022-08-26T09:14:52+00:00\",\"description\":\"We also offer audio-visual services, floral arrangements and decor, menus that address dietary restrictions to organize events\",\"breadcrumb\":{\"@id\":\"https:\/\/hoatuc.com\/your-event-with-us-organize-events\/#breadcrumb\"},\"inLanguage\":\"vi\",\"potentialAction\":[{\"@type\":\"ReadAction\",\"target\":[\"https:\/\/hoatuc.com\/your-event-with-us-organize-events\/\"]}]},{\"@type\":\"BreadcrumbList\",\"@id\":\"https:\/\/hoatuc.com\/your-event-with-us-organize-events\/#breadcrumb\",\"itemListElement\":[{\"@type\":\"ListItem\",\"position\":1,\"name\":\"Home\",\"item\":\"https:\/\/hoatuc.com\/\"},{\"@type\":\"ListItem\",\"position\":2,\"name\":\"Your Event With Us\"}]},{\"@type\":\"WebSite\",\"@id\":\"https:\/\/hoatuc.com\/#website\",\"url\":\"https:\/\/hoatuc.com\/\",\"name\":\"HOA TUC\",\"description\":\"\",\"publisher\":{\"@id\":\"https:\/\/hoatuc.com\/#organization\"},\"potentialAction\":[{\"@type\":\"SearchAction\",\"target\":{\"@type\":\"EntryPoint\",\"urlTemplate\":\"https:\/\/hoatuc.com\/?s={search_term_string}\"},\"query-input\":{\"@type\":\"PropertyValueSpecification\",\"valueRequired\":true,\"valueName\":\"search_term_string\"}}],\"inLanguage\":\"vi\"},{\"@type\":\"Organization\",\"@id\":\"https:\/\/hoatuc.com\/#organization\",\"name\":\"HOA TUC\",\"url\":\"https:\/\/hoatuc.com\/\",\"logo\":{\"@type\":\"ImageObject\",\"inLanguage\":\"vi\",\"@id\":\"https:\/\/hoatuc.com\/#\/schema\/logo\/image\/\",\"url\":\"https:\/\/hoatuc.com\/wp-content\/uploads\/2022\/06\/cropped-HT-logo-01-4-1.png\",\"contentUrl\":\"https:\/\/hoatuc.com\/wp-content\/uploads\/2022\/06\/cropped-HT-logo-01-4-1.png\",\"width\":299,\"height\":162,\"caption\":\"HOA TUC\"},\"image\":{\"@id\":\"https:\/\/hoatuc.com\/#\/schema\/logo\/image\/\"}}]}<\/script>\n<!-- \/ Yoast SEO plugin. -->","yoast_head_json":{"title":"Your Event With Us - HOA TUC","description":"We also offer audio-visual services, floral arrangements and decor, menus that address dietary restrictions to organize events","robots":{"index":"index","follow":"follow","max-snippet":"max-snippet:-1","max-image-preview":"max-image-preview:large","max-video-preview":"max-video-preview:-1"},"canonical":"https:\/\/hoatuc.com\/vi\/your-event-with-us-organize-events\/","og_locale":"vi_VN","og_type":"article","og_title":"Your Event With Us - HOA TUC","og_description":"We also offer audio-visual services, floral arrangements and decor, menus that address dietary restrictions to organize events","og_url":"https:\/\/hoatuc.com\/vi\/your-event-with-us-organize-events\/","og_site_name":"HOA TUC","article_modified_time":"2022-08-26T09:14:52+00:00","og_image":[{"width":1080,"height":720,"url":"https:\/\/hoatuc.com\/wp-content\/uploads\/2024\/03\/CHOA0523-1.jpg","type":"image\/jpeg"}],"twitter_card":"summary_large_image","twitter_misc":{"\u01af\u1edbc t\u00ednh th\u1eddi gian \u0111\u1ecdc":"2 ph\u00fat"},"schema":{"@context":"https:\/\/schema.org","@graph":[{"@type":"WebPage","@id":"https:\/\/hoatuc.com\/your-event-with-us-organize-events\/","url":"https:\/\/hoatuc.com\/your-event-with-us-organize-events\/","name":"Your Event With Us - HOA TUC","isPartOf":{"@id":"https:\/\/hoatuc.com\/#website"},"datePublished":"2021-05-05T08:37:48+00:00","dateModified":"2022-08-26T09:14:52+00:00","description":"We also offer audio-visual services, floral arrangements and decor, menus that address dietary restrictions to organize events","breadcrumb":{"@id":"https:\/\/hoatuc.com\/your-event-with-us-organize-events\/#breadcrumb"},"inLanguage":"vi","potentialAction":[{"@type":"ReadAction","target":["https:\/\/hoatuc.com\/your-event-with-us-organize-events\/"]}]},{"@type":"BreadcrumbList","@id":"https:\/\/hoatuc.com\/your-event-with-us-organize-events\/#breadcrumb","itemListElement":[{"@type":"ListItem","position":1,"name":"Home","item":"https:\/\/hoatuc.com\/"},{"@type":"ListItem","position":2,"name":"Your Event With Us"}]},{"@type":"WebSite","@id":"https:\/\/hoatuc.com\/#website","url":"https:\/\/hoatuc.com\/","name":"HOA TUC","description":"","publisher":{"@id":"https:\/\/hoatuc.com\/#organization"},"potentialAction":[{"@type":"SearchAction","target":{"@type":"EntryPoint","urlTemplate":"https:\/\/hoatuc.com\/?s={search_term_string}"},"query-input":{"@type":"PropertyValueSpecification","valueRequired":true,"valueName":"search_term_string"}}],"inLanguage":"vi"},{"@type":"Organization","@id":"https:\/\/hoatuc.com\/#organization","name":"HOA TUC","url":"https:\/\/hoatuc.com\/","logo":{"@type":"ImageObject","inLanguage":"vi","@id":"https:\/\/hoatuc.com\/#\/schema\/logo\/image\/","url":"https:\/\/hoatuc.com\/wp-content\/uploads\/2022\/06\/cropped-HT-logo-01-4-1.png","contentUrl":"https:\/\/hoatuc.com\/wp-content\/uploads\/2022\/06\/cropped-HT-logo-01-4-1.png","width":299,"height":162,"caption":"HOA TUC"},"image":{"@id":"https:\/\/hoatuc.com\/#\/schema\/logo\/image\/"}}]}},"_links":{"self":[{"href":"https:\/\/hoatuc.com\/vi\/wp-json\/wp\/v2\/pages\/33","targetHints":{"allow":["GET"]}}],"collection":[{"href":"https:\/\/hoatuc.com\/vi\/wp-json\/wp\/v2\/pages"}],"about":[{"href":"https:\/\/hoatuc.com\/vi\/wp-json\/wp\/v2\/types\/page"}],"author":[{"embeddable":true,"href":"https:\/\/hoatuc.com\/vi\/wp-json\/wp\/v2\/users\/1"}],"replies":[{"embeddable":true,"href":"https:\/\/hoatuc.com\/vi\/wp-json\/wp\/v2\/comments?post=33"}],"version-history":[{"count":264,"href":"https:\/\/hoatuc.com\/vi\/wp-json\/wp\/v2\/pages\/33\/revisions"}],"predecessor-version":[{"id":4014,"href":"https:\/\/hoatuc.com\/vi\/wp-json\/wp\/v2\/pages\/33\/revisions\/4014"}],"wp:attachment":[{"href":"https:\/\/hoatuc.com\/vi\/wp-json\/wp\/v2\/media?parent=33"}],"curies":[{"name":"wp","href":"https:\/\/api.w.org\/{rel}","templated":true}]}}