{"id":25,"date":"2021-05-05T08:36:02","date_gmt":"2021-05-05T08:36:02","guid":{"rendered":"https:\/\/new-ricotacosaigon.jaysoft.asia\/?page_id=25"},"modified":"2025-07-05T18:07:26","modified_gmt":"2025-07-05T11:07:26","slug":"about-us","status":"publish","type":"page","link":"https:\/\/hoatuc.com\/vi\/about-us\/","title":{"rendered":"About"},"content":{"rendered":"<div data-elementor-type=\"wp-page\" data-elementor-id=\"25\" class=\"elementor elementor-25\" data-elementor-post-type=\"page\">\n\t\t\t\t\t\t<section class=\"elementor-section elementor-top-section elementor-element elementor-element-617a594 elementor-section-height-min-height elementor-section-boxed elementor-section-height-default elementor-section-items-middle\" data-id=\"617a594\" data-element_type=\"section\" data-settings=\"{&quot;background_background&quot;:&quot;classic&quot;}\">\n\t\t\t\t\t\t<div class=\"elementor-container elementor-column-gap-default\">\n\t\t\t\t\t<div class=\"elementor-column elementor-col-100 elementor-top-column elementor-element elementor-element-f79c916\" data-id=\"f79c916\" data-element_type=\"column\">\n\t\t\t<div class=\"elementor-widget-wrap\">\n\t\t\t\t\t\t\t<\/div>\n\t\t<\/div>\n\t\t\t\t\t<\/div>\n\t\t<\/section>\n\t\t\t\t<section class=\"elementor-section elementor-top-section elementor-element elementor-element-e42b84c elementor-section-boxed elementor-section-height-default elementor-section-height-default\" data-id=\"e42b84c\" data-element_type=\"section\" data-settings=\"{&quot;background_background&quot;:&quot;classic&quot;}\">\n\t\t\t\t\t\t<div class=\"elementor-container elementor-column-gap-default\">\n\t\t\t\t\t<div class=\"elementor-column elementor-col-50 elementor-top-column elementor-element elementor-element-1f22cd9\" data-id=\"1f22cd9\" data-element_type=\"column\" data-settings=\"{&quot;background_background&quot;:&quot;classic&quot;}\">\n\t\t\t<div class=\"elementor-widget-wrap elementor-element-populated\">\n\t\t\t\t\t\t<div class=\"elementor-element elementor-element-25cd47b elementor-invisible elementor-widget elementor-widget-heading\" data-id=\"25cd47b\" data-element_type=\"widget\" data-settings=\"{&quot;_animation&quot;:&quot;fadeIn&quot;}\" data-widget_type=\"heading.default\">\n\t\t\t\t<div class=\"elementor-widget-container\">\n\t\t\t\t\t<h2 class=\"elementor-heading-title elementor-size-default\">Concept<\/h2>\t\t\t\t<\/div>\n\t\t\t\t<\/div>\n\t\t\t\t<div class=\"elementor-element elementor-element-9150935 elementor-invisible elementor-widget elementor-widget-text-editor\" data-id=\"9150935\" data-element_type=\"widget\" data-settings=\"{&quot;_animation&quot;:&quot;fadeIn&quot;}\" data-widget_type=\"text-editor.default\">\n\t\t\t\t<div class=\"elementor-widget-container\">\n\t\t\t\t\t\t\t\t\t<p>N\u00e9t duy\u00ean d\u00e1ng c\u1ee7a c\u00f4ng tr\u00ecnh di s\u1ea3n \u0111\u01b0\u1ee3c kh\u00f4i ph\u1ee5c tinh t\u1ebf n\u00e0y d\u01b0\u1eddng nh\u01b0 \u0111\u00e3 n\u1eafm b\u1eaft tr\u1ecdn v\u1eb9n linh h\u1ed3n c\u1ee7a Hoa T\u00fac. V\u1eeba b\u01b0\u1edbc qua ng\u01b0\u1ee1ng c\u1eeda, b\u1ea1n s\u1ebd \u0111\u01b0\u1ee3c ch\u1ea1m \u0111\u1ebfn b\u1edfi m\u1ed9t kh\u00f4ng gian nh\u1eb9 nh\u00e0ng, thanh tho\u00e1t nh\u01b0 m\u1ed9t bi\u1ec7t th\u1ef1 s\u00e2n v\u01b0\u1eddn, \u0111\u1ee7 \u0111\u1ec3 t\u1ea1m qu\u00ean \u0111i nh\u1eefng x\u00f4 b\u1ed3, v\u1ed9i v\u00e3 c\u1ee7a ph\u1ed1 th\u1ecb ngo\u00e0i kia. H\u00e3y gh\u00e9 \u0111\u1ebfn tr\u00e1i tim c\u1ee7a S\u00e0i G\u00f2n \u0111\u1ec3 c\u1ea3m nh\u1eadn s\u1ef1 t\u0129nh l\u1eb7ng bao tr\u00f9m kh\u1eafp kh\u00f4ng gian c\u1ed5 \u0111i\u1ec3n trong nh\u00e0 v\u00e0 khu v\u01b0\u1eddn xinh x\u1eafn ngo\u00e0i tr\u1eddi. Bu\u1ed5i t\u1ed1i ch\u00ednh l\u00e0 th\u1eddi \u0111i\u1ec3m ho\u00e0n h\u1ea3o cho m\u1ed9t b\u1eefa \u0103n t\u1ea1i Hoa T\u00fac ho\u1eb7c m\u1ed9t bu\u1ed5i ti\u1ec7c th\u00e2n m\u1eadt, \u1ea5m c\u00fang.<\/p>\t\t\t\t\t\t\t\t<\/div>\n\t\t\t\t<\/div>\n\t\t\t\t\t<\/div>\n\t\t<\/div>\n\t\t\t\t<div class=\"elementor-column elementor-col-50 elementor-top-column elementor-element elementor-element-79f20b9 animated-slow\" data-id=\"79f20b9\" data-element_type=\"column\" data-settings=\"{&quot;animation&quot;:&quot;none&quot;,&quot;background_background&quot;:&quot;classic&quot;}\">\n\t\t\t<div class=\"elementor-widget-wrap\">\n\t\t\t\t\t\t\t<\/div>\n\t\t<\/div>\n\t\t\t\t\t<\/div>\n\t\t<\/section>\n\t\t\t\t<\/div>","protected":false},"excerpt":{"rendered":"<p>Concept The charm of this beautifully restored heritage building perfectly captures the spirit of Hoa Tuc. The moment you step through the entrance, you are touched by the gentle aura of a garden villa, enough to forget the madness of the city. Come to the very heart of Saigon to feel the tranquility that fills [&hellip;]<\/p>","protected":false},"author":1,"featured_media":4703,"parent":0,"menu_order":0,"comment_status":"closed","ping_status":"closed","template":"elementor_header_footer","meta":{"_acf_changed":false,"footnotes":""},"class_list":["post-25","page","type-page","status-publish","has-post-thumbnail","hentry"],"acf":[],"yoast_head":"<!-- This site is optimized with the Yoast SEO plugin v24.9 - https:\/\/yoast.com\/wordpress\/plugins\/seo\/ -->\n<title>About - HOA TUC Contemporary Vietnamese Cuisine<\/title>\n<meta name=\"description\" content=\"At Hoa T\u00fac, you can taste the innovation within the familiarity \u2013 the food that has already dived deeply into your subconscious now seems amazingly different from the enthusiasm and creativity of the founder.\" \/>\n<meta name=\"robots\" content=\"index, follow, max-snippet:-1, max-image-preview:large, max-video-preview:-1\" \/>\n<link rel=\"canonical\" href=\"https:\/\/hoatuc.com\/vi\/about-us\/\" \/>\n<meta property=\"og:locale\" content=\"vi_VN\" \/>\n<meta property=\"og:type\" content=\"article\" \/>\n<meta property=\"og:title\" content=\"About - HOA TUC Contemporary Vietnamese Cuisine\" \/>\n<meta property=\"og:description\" content=\"At Hoa T\u00fac, you can taste the innovation within the familiarity \u2013 the food that has already dived deeply into your subconscious now seems amazingly different from the enthusiasm and creativity of the founder.\" \/>\n<meta property=\"og:url\" content=\"https:\/\/hoatuc.com\/vi\/about-us\/\" \/>\n<meta property=\"og:site_name\" content=\"HOA TUC\" \/>\n<meta property=\"article:modified_time\" content=\"2025-07-05T11:07:26+00:00\" \/>\n<meta property=\"og:image\" content=\"https:\/\/hoatuc.com\/wp-content\/uploads\/2024\/03\/CHOA0523-1.jpg\" \/>\n\t<meta property=\"og:image:width\" content=\"1080\" \/>\n\t<meta property=\"og:image:height\" content=\"720\" \/>\n\t<meta property=\"og:image:type\" content=\"image\/jpeg\" \/>\n<meta name=\"twitter:card\" content=\"summary_large_image\" \/>\n<meta name=\"twitter:label1\" content=\"\u01af\u1edbc t\u00ednh th\u1eddi gian \u0111\u1ecdc\" \/>\n\t<meta name=\"twitter:data1\" content=\"1 ph\u00fat\" \/>\n<script type=\"application\/ld+json\" class=\"yoast-schema-graph\">{\"@context\":\"https:\/\/schema.org\",\"@graph\":[{\"@type\":\"WebPage\",\"@id\":\"https:\/\/hoatuc.com\/about-us\/\",\"url\":\"https:\/\/hoatuc.com\/about-us\/\",\"name\":\"About - HOA TUC Contemporary Vietnamese Cuisine\",\"isPartOf\":{\"@id\":\"https:\/\/hoatuc.com\/#website\"},\"primaryImageOfPage\":{\"@id\":\"https:\/\/hoatuc.com\/about-us\/#primaryimage\"},\"image\":{\"@id\":\"https:\/\/hoatuc.com\/about-us\/#primaryimage\"},\"thumbnailUrl\":\"https:\/\/hoatuc.com\/wp-content\/uploads\/2024\/03\/CHOA0523-1.jpg\",\"datePublished\":\"2021-05-05T08:36:02+00:00\",\"dateModified\":\"2025-07-05T11:07:26+00:00\",\"description\":\"At Hoa T\u00fac, you can taste the innovation within the familiarity \u2013 the food that has already dived deeply into your subconscious now seems amazingly different from the enthusiasm and creativity of the founder.\",\"breadcrumb\":{\"@id\":\"https:\/\/hoatuc.com\/about-us\/#breadcrumb\"},\"inLanguage\":\"vi\",\"potentialAction\":[{\"@type\":\"ReadAction\",\"target\":[\"https:\/\/hoatuc.com\/about-us\/\"]}]},{\"@type\":\"ImageObject\",\"inLanguage\":\"vi\",\"@id\":\"https:\/\/hoatuc.com\/about-us\/#primaryimage\",\"url\":\"https:\/\/hoatuc.com\/wp-content\/uploads\/2024\/03\/CHOA0523-1.jpg\",\"contentUrl\":\"https:\/\/hoatuc.com\/wp-content\/uploads\/2024\/03\/CHOA0523-1.jpg\",\"width\":1080,\"height\":720},{\"@type\":\"BreadcrumbList\",\"@id\":\"https:\/\/hoatuc.com\/about-us\/#breadcrumb\",\"itemListElement\":[{\"@type\":\"ListItem\",\"position\":1,\"name\":\"Home\",\"item\":\"https:\/\/hoatuc.com\/\"},{\"@type\":\"ListItem\",\"position\":2,\"name\":\"About\"}]},{\"@type\":\"WebSite\",\"@id\":\"https:\/\/hoatuc.com\/#website\",\"url\":\"https:\/\/hoatuc.com\/\",\"name\":\"HOA TUC\",\"description\":\"\",\"publisher\":{\"@id\":\"https:\/\/hoatuc.com\/#organization\"},\"potentialAction\":[{\"@type\":\"SearchAction\",\"target\":{\"@type\":\"EntryPoint\",\"urlTemplate\":\"https:\/\/hoatuc.com\/?s={search_term_string}\"},\"query-input\":{\"@type\":\"PropertyValueSpecification\",\"valueRequired\":true,\"valueName\":\"search_term_string\"}}],\"inLanguage\":\"vi\"},{\"@type\":\"Organization\",\"@id\":\"https:\/\/hoatuc.com\/#organization\",\"name\":\"HOA TUC\",\"url\":\"https:\/\/hoatuc.com\/\",\"logo\":{\"@type\":\"ImageObject\",\"inLanguage\":\"vi\",\"@id\":\"https:\/\/hoatuc.com\/#\/schema\/logo\/image\/\",\"url\":\"https:\/\/hoatuc.com\/wp-content\/uploads\/2022\/06\/cropped-HT-logo-01-4-1.png\",\"contentUrl\":\"https:\/\/hoatuc.com\/wp-content\/uploads\/2022\/06\/cropped-HT-logo-01-4-1.png\",\"width\":299,\"height\":162,\"caption\":\"HOA TUC\"},\"image\":{\"@id\":\"https:\/\/hoatuc.com\/#\/schema\/logo\/image\/\"}}]}<\/script>\n<!-- \/ Yoast SEO plugin. -->","yoast_head_json":{"title":"About - HOA TUC Contemporary Vietnamese Cuisine","description":"At Hoa T\u00fac, you can taste the innovation within the familiarity \u2013 the food that has already dived deeply into your subconscious now seems amazingly different from the enthusiasm and creativity of the founder.","robots":{"index":"index","follow":"follow","max-snippet":"max-snippet:-1","max-image-preview":"max-image-preview:large","max-video-preview":"max-video-preview:-1"},"canonical":"https:\/\/hoatuc.com\/vi\/about-us\/","og_locale":"vi_VN","og_type":"article","og_title":"About - HOA TUC Contemporary Vietnamese Cuisine","og_description":"At Hoa T\u00fac, you can taste the innovation within the familiarity \u2013 the food that has already dived deeply into your subconscious now seems amazingly different from the enthusiasm and creativity of the founder.","og_url":"https:\/\/hoatuc.com\/vi\/about-us\/","og_site_name":"HOA TUC","article_modified_time":"2025-07-05T11:07:26+00:00","og_image":[{"width":1080,"height":720,"url":"https:\/\/hoatuc.com\/wp-content\/uploads\/2024\/03\/CHOA0523-1.jpg","type":"image\/jpeg"}],"twitter_card":"summary_large_image","twitter_misc":{"\u01af\u1edbc t\u00ednh th\u1eddi gian \u0111\u1ecdc":"1 ph\u00fat"},"schema":{"@context":"https:\/\/schema.org","@graph":[{"@type":"WebPage","@id":"https:\/\/hoatuc.com\/about-us\/","url":"https:\/\/hoatuc.com\/about-us\/","name":"About - HOA TUC Contemporary Vietnamese Cuisine","isPartOf":{"@id":"https:\/\/hoatuc.com\/#website"},"primaryImageOfPage":{"@id":"https:\/\/hoatuc.com\/about-us\/#primaryimage"},"image":{"@id":"https:\/\/hoatuc.com\/about-us\/#primaryimage"},"thumbnailUrl":"https:\/\/hoatuc.com\/wp-content\/uploads\/2024\/03\/CHOA0523-1.jpg","datePublished":"2021-05-05T08:36:02+00:00","dateModified":"2025-07-05T11:07:26+00:00","description":"At Hoa T\u00fac, you can taste the innovation within the familiarity \u2013 the food that has already dived deeply into your subconscious now seems amazingly different from the enthusiasm and creativity of the founder.","breadcrumb":{"@id":"https:\/\/hoatuc.com\/about-us\/#breadcrumb"},"inLanguage":"vi","potentialAction":[{"@type":"ReadAction","target":["https:\/\/hoatuc.com\/about-us\/"]}]},{"@type":"ImageObject","inLanguage":"vi","@id":"https:\/\/hoatuc.com\/about-us\/#primaryimage","url":"https:\/\/hoatuc.com\/wp-content\/uploads\/2024\/03\/CHOA0523-1.jpg","contentUrl":"https:\/\/hoatuc.com\/wp-content\/uploads\/2024\/03\/CHOA0523-1.jpg","width":1080,"height":720},{"@type":"BreadcrumbList","@id":"https:\/\/hoatuc.com\/about-us\/#breadcrumb","itemListElement":[{"@type":"ListItem","position":1,"name":"Home","item":"https:\/\/hoatuc.com\/"},{"@type":"ListItem","position":2,"name":"About"}]},{"@type":"WebSite","@id":"https:\/\/hoatuc.com\/#website","url":"https:\/\/hoatuc.com\/","name":"HOA TUC","description":"","publisher":{"@id":"https:\/\/hoatuc.com\/#organization"},"potentialAction":[{"@type":"SearchAction","target":{"@type":"EntryPoint","urlTemplate":"https:\/\/hoatuc.com\/?s={search_term_string}"},"query-input":{"@type":"PropertyValueSpecification","valueRequired":true,"valueName":"search_term_string"}}],"inLanguage":"vi"},{"@type":"Organization","@id":"https:\/\/hoatuc.com\/#organization","name":"HOA TUC","url":"https:\/\/hoatuc.com\/","logo":{"@type":"ImageObject","inLanguage":"vi","@id":"https:\/\/hoatuc.com\/#\/schema\/logo\/image\/","url":"https:\/\/hoatuc.com\/wp-content\/uploads\/2022\/06\/cropped-HT-logo-01-4-1.png","contentUrl":"https:\/\/hoatuc.com\/wp-content\/uploads\/2022\/06\/cropped-HT-logo-01-4-1.png","width":299,"height":162,"caption":"HOA TUC"},"image":{"@id":"https:\/\/hoatuc.com\/#\/schema\/logo\/image\/"}}]}},"_links":{"self":[{"href":"https:\/\/hoatuc.com\/vi\/wp-json\/wp\/v2\/pages\/25","targetHints":{"allow":["GET"]}}],"collection":[{"href":"https:\/\/hoatuc.com\/vi\/wp-json\/wp\/v2\/pages"}],"about":[{"href":"https:\/\/hoatuc.com\/vi\/wp-json\/wp\/v2\/types\/page"}],"author":[{"embeddable":true,"href":"https:\/\/hoatuc.com\/vi\/wp-json\/wp\/v2\/users\/1"}],"replies":[{"embeddable":true,"href":"https:\/\/hoatuc.com\/vi\/wp-json\/wp\/v2\/comments?post=25"}],"version-history":[{"count":224,"href":"https:\/\/hoatuc.com\/vi\/wp-json\/wp\/v2\/pages\/25\/revisions"}],"predecessor-version":[{"id":5029,"href":"https:\/\/hoatuc.com\/vi\/wp-json\/wp\/v2\/pages\/25\/revisions\/5029"}],"wp:featuredmedia":[{"embeddable":true,"href":"https:\/\/hoatuc.com\/vi\/wp-json\/wp\/v2\/media\/4703"}],"wp:attachment":[{"href":"https:\/\/hoatuc.com\/vi\/wp-json\/wp\/v2\/media?parent=25"}],"curies":[{"name":"wp","href":"https:\/\/api.w.org\/{rel}","templated":true}]}}